{"id":428,"date":"2021-01-12T08:30:52","date_gmt":"2021-01-12T07:30:52","guid":{"rendered":"http:\/\/jardindelanoe.fr\/?page_id=428"},"modified":"2025-04-06T11:15:34","modified_gmt":"2025-04-06T09:15:34","slug":"entretien-espaces-verts","status":"publish","type":"page","link":"https:\/\/jardindelanoe.fr\/","title":{"rendered":"accueil"},"content":{"rendered":"<h1>\u00a0<\/h1>\n\n\n<p class=\"has-text-align-center has-medium-font-size\"><br> <strong>Cher(e) client(e),<\/strong><\/p>\n\n\n\n<p class=\"has-text-align-center has-black-color has-text-color has-link-color has-medium-font-size wp-elements-173719b13a59ffa1fb047f3ba7ebca76\">Apr\u00e8s de nombreuses\u00a0 ann\u00e9es consacr\u00e9es\u00a0 \u00e0 l\u2019entretien des espaces verts au sein de l\u2019entreprise\u00a0<strong>jardindelanoe<\/strong>, j&rsquo;ai pris la d\u00e9cision de prendre ma retraite\u00a0 .<\/p>\n\n\n\n<p><\/p>\n\n\n\n<p class=\"has-text-align-center has-black-color has-text-color has-link-color has-medium-font-size wp-elements-3183703cab14bf8b5def899f00513714\">C&rsquo;est avec une grande fiert\u00e9 que je vous annonce la reprise de mes activit\u00e9s par&nbsp;<strong>Anthony Prioul<\/strong>, un entrepreneur talentueux et passionn\u00e9. Anthony partage les m\u00eames valeurs qui ont fait la renomm\u00e9e et le succ\u00e8s de notre entreprise.<\/p>\n\n\n\n<p><\/p>\n\n\n\n<p class=\"has-text-align-center has-black-color has-text-color has-link-color has-medium-font-size wp-elements-a9814e976b02a1ff52d10c67cb5ec64d\">Fort de quinze ann\u00e9es d\u2019exp\u00e9rience en tant qu\u2019apprenti puis ouvrier paysagiste, Anthony a repris la gestion de l\u2019entreprise Mar\u00e9chal Paysagiste en 2020. Il a toujours eu \u00e0 c\u0153ur de d\u00e9velopper l\u2019entretien des jardins des particuliers et a su s\u2019entourer d\u2019une \u00e9quipe de professionnels.&nbsp;<\/p>\n\n\n\n<p><\/p>\n\n\n\n<p class=\"has-text-align-center has-black-color has-text-color has-link-color has-medium-font-size wp-elements-8bb8e8cd347b5ff9f1fe11f1effd3192\">Je suis convaincu que sous la direction d\u2019&nbsp;<strong>Anthony Prioul, l\u2019entreprise Marechal<\/strong>&nbsp;continuera \u00e0 vous offrir les meilleurs produits et services, avec le m\u00eame professionnalisme et le m\u00eame engagement dont nous avons toujours fait preuve.<\/p>\n\n\n\n<p><\/p>\n\n\n\n<p class=\"has-text-align-center has-black-color has-text-color has-link-color has-medium-font-size wp-elements-015021ccd85e7bbe75784808aa7856b5\">Je vous remercie sinc\u00e8rement pour votre fid\u00e9lit\u00e9 et la confiance que vous m&rsquo;avez accord\u00e9es tout au long de ces ann\u00e9es. Ce fut un r\u00e9el plaisir de travailler avec vous.<\/p>\n\n\n\n<p class=\"has-text-align-center has-black-color has-text-color has-link-color has-medium-font-size wp-elements-9d0af159cc892083c0463dd6d57c2947\">Je vous invite \u00e0 r\u00e9server le meilleur accueil \u00e0 Anthony Prioul et \u00e0 lui accorder votre confiance comme vous me l&rsquo;avez accord\u00e9e.<\/p>\n\n\n\n<p class=\"has-black-color has-text-color has-link-color has-medium-font-size wp-elements-87895d0303606c9db36b7274e89705f3\">Cordialement,<\/p>\n\n\n\n<p class=\"has-black-color has-text-color has-link-color has-medium-font-size wp-elements-26371a201aee4626c633a6647c95a3fb\"><strong>Marc Mottier\u00a0\u00a0\u00a0\u00a0\u00a0\u00a0<\/strong><\/p>\n\n\n\n<p class=\"has-black-color has-text-color has-link-color has-medium-font-size wp-elements-39b17cbb4d7844758482bacd8e35c290\"><strong>\u00a0<\/strong><\/p>\n\n\n\n<p class=\"has-black-color has-text-color has-link-color has-medium-font-size wp-elements-36c6c6d1acc4669c4dd1bbf41ccf220d\">Marechal Paysagiste par&nbsp;<strong>Anthony Prioul<\/strong><\/p>\n\n\n\n<p class=\"has-black-color has-text-color has-link-color has-medium-font-size wp-elements-b3d1e5900be664862d2b21a46f4a2e0e\">La Marteli\u00e8re<\/p>\n\n\n\n<p class=\"has-black-color has-text-color has-link-color has-medium-font-size wp-elements-2e38af1ba84c681499434256943d5edf\">53200 LOIGNE SUR MAYENNE<\/p>\n\n\n\n<p class=\"has-black-color has-text-color has-link-color has-medium-font-size wp-elements-1bd7c02586d0c738b3f3961ab6569b08\">02 43 07 03 60<a href=\"http:\/\/www.marechal-paysagiste.com\/\" target=\"_blank\" rel=\"noreferrer noopener\">www.marechal-paysagiste.com<\/a><\/p>\n\n\n\n<p style=\"letter-spacing:em\"><\/p>\n","protected":false},"excerpt":{"rendered":"<p>\u00a0 Cher(e) client(e), Apr\u00e8s de nombreuses\u00a0 ann\u00e9es consacr\u00e9es\u00a0 \u00e0 l\u2019entretien des espaces verts au sein de l\u2019entreprise\u00a0jardindelanoe, j&rsquo;ai pris la d\u00e9cision de prendre ma retraite\u00a0 . C&rsquo;est avec une grande fiert\u00e9 que je vous annonce la reprise de mes activit\u00e9s &hellip; <a href=\"https:\/\/jardindelanoe.fr\/\">Continuer la lecture <span class=\"meta-nav\">&rarr;<\/span><\/a><\/p>\n","protected":false},"author":1,"featured_media":0,"parent":0,"menu_order":0,"comment_status":"closed","ping_status":"closed","template":"elementor_header_footer","meta":{"footnotes":""},"class_list":["post-428","page","type-page","status-publish","hentry"],"_links":{"self":[{"href":"https:\/\/jardindelanoe.fr\/index.php?rest_route=\/wp\/v2\/pages\/428","targetHints":{"allow":["GET"]}}],"collection":[{"href":"https:\/\/jardindelanoe.fr\/index.php?rest_route=\/wp\/v2\/pages"}],"about":[{"href":"https:\/\/jardindelanoe.fr\/index.php?rest_route=\/wp\/v2\/types\/page"}],"author":[{"embeddable":true,"href":"https:\/\/jardindelanoe.fr\/index.php?rest_route=\/wp\/v2\/users\/1"}],"replies":[{"embeddable":true,"href":"https:\/\/jardindelanoe.fr\/index.php?rest_route=%2Fwp%2Fv2%2Fcomments&post=428"}],"version-history":[{"count":258,"href":"https:\/\/jardindelanoe.fr\/index.php?rest_route=\/wp\/v2\/pages\/428\/revisions"}],"predecessor-version":[{"id":2082,"href":"https:\/\/jardindelanoe.fr\/index.php?rest_route=\/wp\/v2\/pages\/428\/revisions\/2082"}],"wp:attachment":[{"href":"https:\/\/jardindelanoe.fr\/index.php?rest_route=%2Fwp%2Fv2%2Fmedia&parent=428"}],"curies":[{"name":"wp","href":"https:\/\/api.w.org\/{rel}","templated":true}]}}